{"id":18195,"date":"2025-07-08T10:19:06","date_gmt":"2025-07-08T13:19:06","guid":{"rendered":"http:\/\/45.236.165.191\/~colegio1\/2025\/?page_id=18195"},"modified":"2026-02-23T12:31:25","modified_gmt":"2026-02-23T15:31:25","slug":"congregacion","status":"publish","type":"page","link":"https:\/\/colegiomariareina.cl\/2025\/congregacion\/","title":{"rendered":"Congregaci\u00f3n"},"content":{"rendered":"<p>[et_pb_section fb_built=&#8221;1&#8243; admin_label=&#8221;Join Now Call to Action&#8221; _builder_version=&#8221;4.27.0&#8243; use_background_color_gradient=&#8221;on&#8221; background_color_gradient_direction=&#8221;105deg&#8221; background_color_gradient_stops=&#8221;#00205b 37%|rgba(36, 89, 150, 1) 79%|#448ccb 99%&#8221; background_color_gradient_start=&#8221;#1bb3eb&#8221; background_color_gradient_end=&#8221;#25efcb&#8221; custom_margin=&#8221;||||false|false&#8221; custom_padding=&#8221;40px|0px|40px|0px|false|false&#8221; locked=&#8221;off&#8221; global_colors_info=&#8221;{}&#8221;][et_pb_row _builder_version=&#8221;4.16&#8243; global_colors_info=&#8221;{}&#8221;][et_pb_column type=&#8221;4_4&#8243; _builder_version=&#8221;4.16&#8243; custom_padding=&#8221;|||&#8221; global_colors_info=&#8221;{}&#8221; custom_padding__hover=&#8221;|||&#8221;][et_pb_heading title=&#8221;Nuestra Congregaci\u00f3n&#8221; _builder_version=&#8221;4.27.0&#8243; _module_preset=&#8221;default&#8221; title_font=&#8221;&#8211;et_global_body_font|600|on|on|||||&#8221; title_text_color=&#8221;#FFFFFF&#8221; title_font_size=&#8221;32px&#8221; global_colors_info=&#8221;{}&#8221;][\/et_pb_heading][et_pb_heading title=&#8221;La comunidad religiosa que da sentido a nuestro trabajo.&#8221; _builder_version=&#8221;4.27.0&#8243; _module_preset=&#8221;default&#8221; title_level=&#8221;h4&#8243; title_font=&#8221;&#8211;et_global_body_font|300|on|on|||||&#8221; title_text_color=&#8221;#FFFFFF&#8221; title_font_size=&#8221;24px&#8221; global_colors_info=&#8221;{}&#8221;][\/et_pb_heading][\/et_pb_column][\/et_pb_row][\/et_pb_section][et_pb_section fb_built=&#8221;1&#8243; _builder_version=&#8221;4.27.0&#8243; _module_preset=&#8221;default&#8221; global_colors_info=&#8221;{}&#8221;][et_pb_row column_structure=&#8221;2_5,3_5&#8243; use_custom_gutter=&#8221;on&#8221; gutter_width=&#8221;4&#8243; _builder_version=&#8221;4.27.0&#8243; _module_preset=&#8221;default&#8221; global_colors_info=&#8221;{}&#8221;][et_pb_column type=&#8221;2_5&#8243; _builder_version=&#8221;4.27.0&#8243; _module_preset=&#8221;default&#8221; global_colors_info=&#8221;{}&#8221;][et_pb_image src=&#8221;https:\/\/colegiomariareina.cl\/2025\/wp-content\/uploads\/2026\/02\/El_Padre_Eladio_Mozas.jpg&#8221; title_text=&#8221;El_Padre_Eladio_Mozas&#8221; _builder_version=&#8221;4.27.0&#8243; _module_preset=&#8221;default&#8221; hover_enabled=&#8221;0&#8243; global_colors_info=&#8221;{}&#8221; sticky_enabled=&#8221;0&#8243;][\/et_pb_image][et_pb_text _builder_version=&#8221;4.27.0&#8243; _module_preset=&#8221;default&#8221; global_colors_info=&#8221;{}&#8221;]<\/p>\n<h3>Pidamos por la Beatificaci\u00f3n del Padre Eladio Mozas<\/h3>\n<p><em>\u00a0<\/em><\/p>\n<p style=\"text-align: left;\"><em>Te alabamos, Padre, porque nos amas<\/em><br \/><em>con amor providente y misericordioso.<\/em><br \/><em>te bendecimos Jes\u00fas, porque eres<\/em><br \/><em>nuestro hermano y salvador.<\/em><\/p>\n<p><em>Te glorificamos, Esp\u00edritu Santo,<\/em><br \/><em>porque habitas en nuestros corazones<\/em><br \/><em>te damos gracias, Dios nuestro,<\/em><br \/><em>porque has enriquecido a tu iglesia<\/em><br \/><em>con el Carisma Josefino Trinitario<\/em><br \/><em>a trav\u00e9s de tu siervo Eladio Mozas.<\/em><\/p>\n<p><em>Conc\u00e9denos por su intercesi\u00f3n<\/em><br \/><em>la gracia que te pedimos\u2026. y que su<\/em><br \/><em>santidad reconocida por la Iglesia,<\/em><br \/><em>sean para toda una luz que nos inviten a<\/em><br \/><em>dar gloria a la Trinidad en Cristo Jes\u00fas,<\/em><br \/><em>y a ser testigos de una vida de familia:<\/em><br \/><em>Sencilla en su vivir,<\/em><br \/><em>abierta a Dios,<\/em><br \/><em>disponible para el hermano.<\/em><br \/><em>te lo pedimos Padre,<\/em><br \/><em>por Jes\u00fas, Mar\u00eda y Jos\u00e9,<\/em><\/p>\n<p><em><strong>Am\u00e9n.<\/strong><\/em><\/p>\n<p>[\/et_pb_text][\/et_pb_column][et_pb_column type=&#8221;3_5&#8243; _builder_version=&#8221;4.27.0&#8243; _module_preset=&#8221;default&#8221; global_colors_info=&#8221;{}&#8221;][et_pb_text _builder_version=&#8221;4.27.0&#8243; _module_preset=&#8221;default&#8221; global_colors_info=&#8221;{}&#8221;]<\/p>\n<h2>Fundador:\u00a0 Eladio Mozas Santamera<\/h2>\n<p>&nbsp;<\/p>\n<p>Naci\u00f3 en Miedes de Atienza (Guadalajara) en 1837.<br \/>En diciembre de 1862 obtuvo el Doctorado en Teolog\u00eda en la Universidad Central de Madrid.<\/p>\n<p>Se ordena Sacerdote en abril de 1865 y pasa a pertenecer a la di\u00f3cesis de Plasencia.<\/p>\n<p>En esta ciudad desarrolla una intensa vida sacerdotal. Fue P\u00e1rroco, Profesor del Seminario,<\/p>\n<p>Can\u00f3nigo Penitenciario y director espiritual de las Religiosas Agustinas Recoletas de Serradilla a quienes dirige 549 cartas de alto contenido teol\u00f3gico y m\u00edstico y de gran belleza literaria.<\/p>\n<p>Le toc\u00f3 vivir una \u00e9poca compleja. En siglo XIX se fraguaron transformaciones econ\u00f3micas, sociales y religiosas profundas.<\/p>\n<p>El \u201colvido de Dios y el desprecio del hombre\u201d van juntos. A este binomio inseparable respondi\u00f3 Eladio con el compromiso de su vida.<\/p>\n<p>Descubri\u00f3 a Dios a trav\u00e9s de la historia humana de cada d\u00eda.<\/p>\n<p>Acogi\u00f3 en su coraz\u00f3n los retos y necesidades de la humanidad de su tiempo.<\/p>\n<p>Fruto de su fuerte experiencia de Dios y de su compromiso con el hombre fue la fundaci\u00f3n del Instituto de Hermanas Josefinas de la Stma. Trinidad.<\/p>\n<p>Falleci\u00f3 en Plasencia (C\u00e1ceres) el 18 de marzo de 1897, a los 60 a\u00f1os de edad.<\/p>\n<p>Est\u00e1 en curso el proceso de beatificaci\u00f3n.<\/p>\n<p>[\/et_pb_text][et_pb_slider arrows_custom_color=&#8221;#B70511&#8243; dot_nav_custom_color=&#8221;#B70511&#8243; module_class=&#8221;logos-congregacion&#8221; _builder_version=&#8221;4.27.0&#8243; _module_preset=&#8221;default&#8221; background_color=&#8221;RGBA(255,255,255,0)&#8221; width=&#8221;45%&#8221; custom_margin=&#8221;|10%|||false|false&#8221; custom_padding=&#8221;0px||||false|false&#8221; custom_css_free_form=&#8221;.logos-congregacion {||  float:left;||}&#8221; box_shadow_style=&#8221;preset3&#8243; global_colors_info=&#8221;{}&#8221;][et_pb_slide heading=&#8221;Colegios en Espa\u00f1a&#8221; _builder_version=&#8221;4.27.0&#8243; _module_preset=&#8221;default&#8221; header_font=&#8221;|||on|||||&#8221; header_text_color=&#8221;#00205B&#8221; global_colors_info=&#8221;{}&#8221; sticky_transition=&#8221;on&#8221;]<\/p>\n<p><strong><img loading=\"lazy\" decoding=\"async\" width=\"1024\" height=\"896\" src=\"https:\/\/josefinas-trinitarias.org\/wp-content\/uploads\/2024\/02\/Santisma-trinidad-Caceres.jpg\" alt=\"\" class=\"size-medium alignnone\" \/><\/strong><\/p>\n<p style=\"text-align: center;\"><span><strong>Congregaci\u00f3n en C\u00e1ceres<\/strong><\/span><\/p>\n<p style=\"text-align: center;\"><span><strong>Colegio Sant\u00edsima Trinidad, Placencia<\/strong><\/span><\/p>\n<p>[\/et_pb_slide][et_pb_slide heading=&#8221;Colegios en Espa\u00f1a&#8221; _builder_version=&#8221;4.27.0&#8243; _module_preset=&#8221;default&#8221; header_font=&#8221;|||on|||||&#8221; header_text_color=&#8221;#00205B&#8221; global_colors_info=&#8221;{}&#8221; sticky_transition=&#8221;on&#8221;]<\/p>\n<p><strong><img loading=\"lazy\" decoding=\"async\" width=\"1920\" height=\"1166\" src=\"https:\/\/josefinas-trinitarias.org\/wp-content\/uploads\/2024\/02\/Colegio-La-Asuncion-Caceres.jpg\" alt=\"\" class=\"size-medium alignnone\" \/><\/strong><\/p>\n<p style=\"text-align: center;\"><span><strong>Congregaci\u00f3n en C\u00e1ceres<\/strong><\/span><\/p>\n<p style=\"text-align: center;\"><span><strong>Colegio &#8220;La Asunci\u00f3n&#8221;<\/strong><\/span><\/p>\n<p>[\/et_pb_slide][et_pb_slide heading=&#8221;Colegios en Espa\u00f1a&#8221; _builder_version=&#8221;4.27.0&#8243; _module_preset=&#8221;default&#8221; header_font=&#8221;|||on|||||&#8221; header_text_color=&#8221;#00205B&#8221; global_colors_info=&#8221;{}&#8221; sticky_transition=&#8221;on&#8221;]<\/p>\n<p><img loading=\"lazy\" decoding=\"async\" width=\"730\" height=\"400\" src=\"https:\/\/josefinas-trinitarias.org\/wp-content\/uploads\/2024\/02\/foto-plasencia.jpg\" alt=\"\" class=\"size-medium alignnone\" \/><\/p>\n<p style=\"text-align: center;\"><span><strong>Congregaci\u00f3n en C\u00e1ceres<\/strong><\/span><\/p>\n<p style=\"text-align: center;\"><span><strong>Escuela Hogar Placentina<\/strong><\/span><\/p>\n<p>[\/et_pb_slide][et_pb_slide heading=&#8221;Colegios en Espa\u00f1a&#8221; _builder_version=&#8221;4.27.0&#8243; _module_preset=&#8221;default&#8221; header_font=&#8221;|||on|||||&#8221; header_text_color=&#8221;#00205B&#8221; global_colors_info=&#8221;{}&#8221; sticky_transition=&#8221;on&#8221;]<\/p>\n<p><img loading=\"lazy\" decoding=\"async\" width=\"1200\" height=\"1600\" src=\"https:\/\/josefinas-trinitarias.org\/wp-content\/uploads\/2024\/02\/Santisma-trinidad-salaamnca.jpg\" alt=\"\" class=\"size-medium alignnone\" \/><\/p>\n<p style=\"text-align: center;\"><span><strong>Congregaci\u00f3n en Salamanca<\/strong><\/span><\/p>\n<p style=\"text-align: center;\"><span><strong>Colegio Sant\u00edsima Trinidad<\/strong><\/span><\/p>\n<p>[\/et_pb_slide][et_pb_slide heading=&#8221;Colegios en Espa\u00f1a&#8221; _builder_version=&#8221;4.27.0&#8243; _module_preset=&#8221;default&#8221; header_font=&#8221;|||on|||||&#8221; header_text_color=&#8221;#00205B&#8221; global_colors_info=&#8221;{}&#8221; sticky_transition=&#8221;on&#8221;]<\/p>\n<p><img loading=\"lazy\" decoding=\"async\" width=\"1045\" height=\"784\" src=\"https:\/\/josefinas-trinitarias.org\/wp-content\/uploads\/2024\/02\/Maria-reina-inmaculada.webp\" alt=\"\" class=\"size-medium alignnone\" \/><\/p>\n<p style=\"text-align: center;\"><span><strong>Congregaci\u00f3n en Santander<\/strong><\/span><\/p>\n<p style=\"text-align: center;\"><span><strong>Colegio Mar\u00eda Reina Inmaculada<\/strong><\/span><\/p>\n<p>[\/et_pb_slide][\/et_pb_slider][et_pb_slider arrows_custom_color=&#8221;#B70511&#8243; dot_nav_custom_color=&#8221;#B70511&#8243; module_class=&#8221;logos-congregacion&#8221; _builder_version=&#8221;4.27.0&#8243; _module_preset=&#8221;default&#8221; background_color=&#8221;RGBA(255,255,255,0)&#8221; width=&#8221;45%&#8221; custom_padding=&#8221;|10%|||false|false&#8221; box_shadow_style=&#8221;preset3&#8243; global_colors_info=&#8221;{}&#8221;][et_pb_slide heading=&#8221;Colegios en Chile&#8221; _builder_version=&#8221;4.27.0&#8243; _module_preset=&#8221;default&#8221; header_font=&#8221;|||on|||||&#8221; header_text_color=&#8221;#00205B&#8221; global_colors_info=&#8221;{}&#8221; sticky_transition=&#8221;on&#8221;]<\/p>\n<p><strong><img loading=\"lazy\" decoding=\"async\" width=\"2048\" height=\"1536\" src=\"https:\/\/josefinas-trinitarias.org\/wp-content\/uploads\/2024\/02\/Colegio-Josefino-Santisima-Trinidad-Chile.jpg\" alt=\"\" class=\"size-medium alignnone\" \/><\/strong><\/p>\n<p style=\"text-align: center;\"><span><strong>Colegio Josefino Sant\u00edsima Trinidad<\/strong><\/span><\/p>\n<p style=\"text-align: center;\"><strong>Santiago<\/strong><\/p>\n<p style=\"text-align: center;\"><strong><\/strong><\/p>\n<p style=\"text-align: center;\"><strong><\/strong><\/p>\n<p>[\/et_pb_slide][et_pb_slide heading=&#8221;Colegios en Chile&#8221; _builder_version=&#8221;4.27.0&#8243; _module_preset=&#8221;default&#8221; header_font=&#8221;|||on|||||&#8221; header_text_color=&#8221;#00205B&#8221; global_colors_info=&#8221;{}&#8221; sticky_transition=&#8221;on&#8221;]<\/p>\n<p><strong>\u00a0<\/strong><\/p>\n<p style=\"text-align: center;\"><img loading=\"lazy\" decoding=\"async\" width=\"887\" height=\"591\" src=\"https:\/\/josefinas-trinitarias.org\/wp-content\/uploads\/2024\/02\/Colegio-Teresa-Videla-de-Gonzalez.jpg\" alt=\"\" class=\"size-medium alignnone\" \/><\/p>\n<p style=\"text-align: center;\"><strong><span>Colegio Teresa Videla de Gonz\u00e1lez\u00a0<\/span><\/strong><\/p>\n<p style=\"text-align: center;\"><strong>La Serena<\/strong><\/p>\n<p>[\/et_pb_slide][\/et_pb_slider][\/et_pb_column][\/et_pb_row][\/et_pb_section]<\/p>\n","protected":false},"excerpt":{"rendered":"<p>Pidamos por la Beatificaci\u00f3n del Padre Eladio Mozas \u00a0 Te alabamos, Padre, porque nos amascon amor providente y misericordioso.te bendecimos Jes\u00fas, porque eresnuestro hermano y salvador. Te glorificamos, Esp\u00edritu Santo,porque habitas en nuestros corazoneste damos gracias, Dios nuestro,porque has enriquecido a tu iglesiacon el Carisma Josefino Trinitarioa trav\u00e9s de tu siervo Eladio Mozas. Conc\u00e9denos por [&hellip;]<\/p>\n","protected":false},"author":1,"featured_media":0,"parent":0,"menu_order":0,"comment_status":"closed","ping_status":"closed","template":"","meta":{"_et_pb_use_builder":"on","_et_pb_old_content":"","_et_gb_content_width":"","footnotes":""},"class_list":["post-18195","page","type-page","status-publish","hentry"],"_links":{"self":[{"href":"https:\/\/colegiomariareina.cl\/2025\/wp-json\/wp\/v2\/pages\/18195","targetHints":{"allow":["GET"]}}],"collection":[{"href":"https:\/\/colegiomariareina.cl\/2025\/wp-json\/wp\/v2\/pages"}],"about":[{"href":"https:\/\/colegiomariareina.cl\/2025\/wp-json\/wp\/v2\/types\/page"}],"author":[{"embeddable":true,"href":"https:\/\/colegiomariareina.cl\/2025\/wp-json\/wp\/v2\/users\/1"}],"replies":[{"embeddable":true,"href":"https:\/\/colegiomariareina.cl\/2025\/wp-json\/wp\/v2\/comments?post=18195"}],"version-history":[{"count":8,"href":"https:\/\/colegiomariareina.cl\/2025\/wp-json\/wp\/v2\/pages\/18195\/revisions"}],"predecessor-version":[{"id":18562,"href":"https:\/\/colegiomariareina.cl\/2025\/wp-json\/wp\/v2\/pages\/18195\/revisions\/18562"}],"wp:attachment":[{"href":"https:\/\/colegiomariareina.cl\/2025\/wp-json\/wp\/v2\/media?parent=18195"}],"curies":[{"name":"wp","href":"https:\/\/api.w.org\/{rel}","templated":true}]}}