{"id":546,"date":"2013-07-22T02:43:39","date_gmt":"2013-07-22T02:43:39","guid":{"rendered":"http:\/\/colegiomariareina.cl\/2013\/?page_id=546"},"modified":"2025-07-18T13:07:50","modified_gmt":"2025-07-18T16:07:50","slug":"mision-y-vision","status":"publish","type":"page","link":"https:\/\/colegiomariareina.cl\/2025\/mision-y-vision\/","title":{"rendered":"Misi\u00f3n y Visi\u00f3n"},"content":{"rendered":"\n[et_pb_section fb_built=&#8221;1&#8243; admin_label=&#8221;Join Now Call to Action&#8221; _builder_version=&#8221;4.27.0&#8243; use_background_color_gradient=&#8221;on&#8221; background_color_gradient_direction=&#8221;105deg&#8221; background_color_gradient_stops=&#8221;#00205b 37%|rgba(36, 89, 150, 1) 79%|#448ccb 99%&#8221; background_color_gradient_start=&#8221;#1bb3eb&#8221; background_color_gradient_end=&#8221;#25efcb&#8221; custom_margin=&#8221;||||false|false&#8221; custom_padding=&#8221;40px|0px|40px|0px|false|false&#8221; locked=&#8221;off&#8221; global_colors_info=&#8221;{}&#8221; theme_builder_area=&#8221;post_content&#8221;][et_pb_row _builder_version=&#8221;4.16&#8243; global_colors_info=&#8221;{}&#8221; theme_builder_area=&#8221;post_content&#8221;][et_pb_column type=&#8221;4_4&#8243; _builder_version=&#8221;4.16&#8243; custom_padding=&#8221;|||&#8221; global_colors_info=&#8221;{}&#8221; custom_padding__hover=&#8221;|||&#8221; theme_builder_area=&#8221;post_content&#8221;][et_pb_heading title=&#8221;Misi\u00f3n, Visi\u00f3n y Valores&#8221; _builder_version=&#8221;4.27.0&#8243; _module_preset=&#8221;default&#8221; title_font=&#8221;&#8211;et_global_body_font|600|on|on|||||&#8221; title_text_color=&#8221;#FFFFFF&#8221; title_font_size=&#8221;32px&#8221; hover_enabled=&#8221;0&#8243; global_colors_info=&#8221;{}&#8221; theme_builder_area=&#8221;post_content&#8221; sticky_enabled=&#8221;0&#8243;][\/et_pb_heading][et_pb_heading title=&#8221;Nuestros principios que gu\u00edan cada paso educativo&#8221; _builder_version=&#8221;4.27.0&#8243; _module_preset=&#8221;default&#8221; title_level=&#8221;h4&#8243; title_font=&#8221;&#8211;et_global_body_font|300|on|on|||||&#8221; title_text_color=&#8221;#FFFFFF&#8221; title_font_size=&#8221;24px&#8221; hover_enabled=&#8221;0&#8243; global_colors_info=&#8221;{}&#8221; theme_builder_area=&#8221;post_content&#8221; sticky_enabled=&#8221;0&#8243;][\/et_pb_heading][\/et_pb_column][\/et_pb_row][\/et_pb_section][et_pb_section fb_built=&#8221;1&#8243; _builder_version=&#8221;4.27.0&#8243; _module_preset=&#8221;default&#8221; global_colors_info=&#8221;{}&#8221; theme_builder_area=&#8221;post_content&#8221;][et_pb_row column_structure=&#8221;2_5,3_5&#8243; use_custom_gutter=&#8221;on&#8221; gutter_width=&#8221;4&#8243; _builder_version=&#8221;4.27.0&#8243; _module_preset=&#8221;default&#8221; global_colors_info=&#8221;{}&#8221; theme_builder_area=&#8221;post_content&#8221;][et_pb_column type=&#8221;2_5&#8243; _builder_version=&#8221;4.27.0&#8243; _module_preset=&#8221;default&#8221; global_colors_info=&#8221;{}&#8221; theme_builder_area=&#8221;post_content&#8221;][et_pb_image src=&#8221;http:\/\/www.colegiomariareina.cl\/web\/wp-content\/uploads\/2023\/04\/1-MISION-Y-VISION.png&#8221; _builder_version=&#8221;4.27.0&#8243; _module_preset=&#8221;default&#8221; hover_enabled=&#8221;0&#8243; global_colors_info=&#8221;{}&#8221; theme_builder_area=&#8221;post_content&#8221; sticky_enabled=&#8221;0&#8243;][\/et_pb_image][\/et_pb_column][et_pb_column type=&#8221;3_5&#8243; _builder_version=&#8221;4.27.0&#8243; _module_preset=&#8221;default&#8221; global_colors_info=&#8221;{}&#8221; theme_builder_area=&#8221;post_content&#8221;][et_pb_text _builder_version=&#8221;4.27.0&#8243; background_size=&#8221;initial&#8221; background_position=&#8221;top_left&#8221; background_repeat=&#8221;repeat&#8221; hover_enabled=&#8221;0&#8243; global_colors_info=&#8221;{}&#8221; sticky_enabled=&#8221;0&#8243; theme_builder_area=&#8221;post_content&#8221;]<p><!-- divi:heading {\"level\":5,\"align\":\"left\"} --><\/p>\n<figure><a href=\"http:\/\/www.colegiomariareina.cl\/web\/wp-content\/uploads\/2023\/04\/1-MISION-Y-VISION.png\"><\/a><\/figure>\n<p><!-- \/divi:heading --><\/p>\n<p><!-- divi:heading {\"level\":5} --><\/p>\n<h2 class=\"wp-block-heading\">MISI\u00d3N<\/h2>\n<h5 class=\"wp-block-heading\">Somos un colegio cat\u00f3lico perteneciente a la Fundaci\u00f3n Sant\u00edsima Trinidad de la\u00a0Congregaci\u00f3n de H.H. Josefinas de la Stma. Trinidad, en corresponsabilidad y en misi\u00f3n compartida entre Religiosas y Laicos, impulsados\u00a0\u00a0 por la espiritualidad del Padre Eladio Mozas Santamera.<\/h5>\n<p><!-- \/divi:heading --><\/p>\n<p><!-- divi:heading {\"level\":5} --><\/p>\n<h5 class=\"wp-block-heading\">Evangelizamos educando a ni\u00f1os, ni\u00f1as, adolescentes y j\u00f3venes para formarlos como personas libres, comprometidas con la Iglesia y con la sociedad, defensoras de su dignidad y de la igualdad de oportunidades.<\/h5>\n<p><!-- \/divi:heading --><\/p>\n<p><!-- divi:heading {\"level\":5} --><\/p>\n<h5 class=\"wp-block-heading\">Impartimos una formaci\u00f3n inclusiva e integral, que promueve los valores de familia al estilo de la Sagrada Familia de Nazaret, inspirados en el Carisma Josefino Trinitario.<\/h5>\n<p><!-- \/divi:heading --><\/p>\n<p><!-- divi:separator --><\/p>\n<hr class=\"wp-block-separator has-alpha-channel-opacity\" \/>\n<p><!-- \/divi:separator --><\/p>\n<p><!-- divi:heading {\"level\":4,\"align\":\"left\"} --><\/p>\n<h2 class=\"wp-block-heading\">VISI\u00d3N<\/h2>\n<p><!-- \/divi:heading --><\/p>\n<p><!-- divi:heading {\"level\":5} --><\/p>\n<h5 class=\"wp-block-heading\">Queremos ser reconocidos al 2027: Como una comunidad educativa donde Religiosas y laicos, en misi\u00f3n compartida, se comprometan a entregar a ni\u00f1os, ni\u00f1as, adolescentes y j\u00f3venes una formaci\u00f3n inclusiva e integral.<\/h5>\n<p><!-- \/divi:heading --><\/p>\n<p><!-- divi:heading {\"level\":5} --><\/p>\n<h5 class=\"wp-block-heading\">Educamos en las habilidades del siglo XXI, desarrollando sus capacidades, habilidades y proyecto de vida\u00a0para ser constructores de una sociedad m\u00e1s justa y solidaria, con \u00e9nfasis en el cuidado del medio ambiente, en la creatividad e innovaci\u00f3n, el pensamiento cr\u00edtico y democr\u00e1tico, acompa\u00f1ados de buenos profesores y en colaboraci\u00f3n con la familia, con actitud dialogante, responsables y comprometidos con el PEI.<\/h5>\n<p><!-- \/divi:heading --><\/p>\n<p><!-- divi:heading {\"level\":5} --><\/p>\n<h5 class=\"wp-block-heading\">Viviendo el Evangelio a la luz del Carisma J.T. y la espiritualidad de nuestro Fundador, Padre Eladio Mozas Santamera, en su dimensi\u00f3n de alabanza a Dios Trinidad e imitando los valores de la Sagrada Familia de Nazaret: alegr\u00eda, sencillez, acogida, trabajo, oraci\u00f3n, solidaridad.<\/h5>\n<p><!-- \/divi:heading --><\/p>\n<p><!-- divi:paragraph --><strong>\u00a0<\/strong><\/p>\n<p><!-- \/divi:paragraph --><\/p>[\/et_pb_text][\/et_pb_column][\/et_pb_row][\/et_pb_section]\n","protected":false},"excerpt":{"rendered":"<p>MISI\u00d3N Somos un colegio cat\u00f3lico perteneciente a la Fundaci\u00f3n Sant\u00edsima Trinidad de la\u00a0Congregaci\u00f3n de H.H. Josefinas de la Stma. Trinidad, en corresponsabilidad y en misi\u00f3n compartida entre Religiosas y Laicos, impulsados\u00a0\u00a0 por la espiritualidad del Padre Eladio Mozas Santamera. Evangelizamos educando a ni\u00f1os, ni\u00f1as, adolescentes y j\u00f3venes para formarlos como personas libres, comprometidas con la [&hellip;]<\/p>\n","protected":false},"author":1,"featured_media":0,"parent":0,"menu_order":0,"comment_status":"open","ping_status":"open","template":"","meta":{"_et_pb_use_builder":"on","_et_pb_old_content":"<!-- wp:heading {\"level\":5,\"align\":\"left\"} -->\n<h5 class=\"wp-block-heading\"><figure><a href=\"http:\/\/www.colegiomariareina.cl\/web\/wp-content\/uploads\/2023\/04\/1-MISION-Y-VISION.png\"><img class=\"alignleft wp-image-17046\" src=\"http:\/\/www.colegiomariareina.cl\/web\/wp-content\/uploads\/2023\/04\/1-MISION-Y-VISION.png\" alt=\"\" width=\"710\" height=\"399\"><\/a><\/figure><\/h5>\n<!-- \/wp:heading -->\n\n<!-- wp:heading {\"level\":5} -->\n<h5 class=\"wp-block-heading\">&nbsp;<\/h5>\n<!-- \/wp:heading -->\n\n<!-- wp:heading {\"level\":5} -->\n<h5 class=\"wp-block-heading\">&nbsp;<\/h5>\n<!-- \/wp:heading -->\n\n<!-- wp:paragraph -->\n<p>&nbsp;<\/p>\n<!-- \/wp:paragraph -->\n\n<!-- wp:paragraph -->\n<p>&nbsp;<\/p>\n<!-- \/wp:paragraph -->\n\n<!-- wp:paragraph -->\n<p>&nbsp;<\/p>\n<!-- \/wp:paragraph -->\n\n<!-- wp:paragraph -->\n<p>&nbsp;<\/p>\n<!-- \/wp:paragraph -->\n\n<!-- wp:paragraph -->\n<p>&nbsp;<\/p>\n<!-- \/wp:paragraph -->\n\n<!-- wp:heading {\"level\":5} -->\n<h5 class=\"wp-block-heading\">&nbsp;<\/h5>\n<!-- \/wp:heading -->\n\n<!-- wp:heading {\"level\":5} -->\n<h5 class=\"wp-block-heading\">&nbsp;<\/h5>\n<!-- \/wp:heading -->\n\n<!-- wp:heading {\"level\":5} -->\n<h5 class=\"wp-block-heading\">&nbsp;<\/h5>\n<!-- \/wp:heading -->\n\n<!-- wp:heading {\"level\":4} -->\n<h4 class=\"wp-block-heading\">&nbsp;<\/h4>\n<!-- \/wp:heading -->\n\n<!-- wp:heading {\"level\":4} -->\n<h4 class=\"wp-block-heading\">&nbsp;<\/h4>\n<!-- \/wp:heading -->\n\n<!-- wp:heading {\"level\":4} -->\n<h4 class=\"wp-block-heading\">&nbsp;<\/h4>\n<!-- \/wp:heading -->\n\n<!-- wp:heading {\"level\":4} -->\n<h4 class=\"wp-block-heading\">&nbsp;<\/h4>\n<!-- \/wp:heading -->\n\n<!-- wp:heading {\"level\":4,\"align\":\"left\"} -->\n<h4 class=\"wp-block-heading\">MISI\u00d3N<\/h4>\n<!-- \/wp:heading -->\n\n<!-- wp:heading {\"level\":5} -->\n<h5 class=\"wp-block-heading\">Somos un colegio cat\u00f3lico perteneciente a la Fundaci\u00f3n Sant\u00edsima Trinidad de la&nbsp;Congregaci\u00f3n de H.H. Josefinas de la Stma. Trinidad, en corresponsabilidad y en misi\u00f3n compartida entre Religiosas y Laicos, impulsados&nbsp;&nbsp; por la espiritualidad del Padre Eladio Mozas Santamera.<\/h5>\n<!-- \/wp:heading -->\n\n<!-- wp:heading {\"level\":5} -->\n<h5 class=\"wp-block-heading\">Evangelizamos educando a ni\u00f1os, ni\u00f1as, adolescentes y j\u00f3venes para formarlos como personas libres, comprometidas con la Iglesia y con la sociedad, defensoras de su dignidad y de la igualdad de oportunidades.<\/h5>\n<!-- \/wp:heading -->\n\n<!-- wp:heading {\"level\":5} -->\n<h5 class=\"wp-block-heading\">Impartimos una formaci\u00f3n inclusiva e integral, que promueve los valores de familia al estilo de la Sagrada Familia de Nazaret, inspirados en el Carisma Josefino Trinitario.<\/h5>\n<!-- \/wp:heading -->\n\n<!-- wp:separator -->\n<hr class=\"wp-block-separator has-alpha-channel-opacity\"\/>\n<!-- \/wp:separator -->\n\n<!-- wp:heading {\"level\":4,\"align\":\"left\"} -->\n<h4 class=\"wp-block-heading\">VISI\u00d3N<\/h4>\n<!-- \/wp:heading -->\n\n<!-- wp:heading {\"level\":5} -->\n<h5 class=\"wp-block-heading\">Queremos ser reconocidos al 2027: Como una comunidad educativa donde Religiosas y laicos, en misi\u00f3n compartida, se comprometan a entregar a ni\u00f1os, ni\u00f1as, adolescentes y j\u00f3venes una formaci\u00f3n inclusiva e integral.<\/h5>\n<!-- \/wp:heading -->\n\n<!-- wp:heading {\"level\":5} -->\n<h5 class=\"wp-block-heading\">Educamos en las habilidades del siglo XXI, desarrollando sus capacidades, habilidades y proyecto de vida&nbsp;para ser constructores de una sociedad m\u00e1s justa y solidaria, con \u00e9nfasis en el cuidado del medio ambiente, en la creatividad e innovaci\u00f3n, el pensamiento cr\u00edtico y democr\u00e1tico, acompa\u00f1ados de buenos profesores y en colaboraci\u00f3n con la familia, con actitud dialogante, responsables y comprometidos con el PEI.<\/h5>\n<!-- \/wp:heading -->\n\n<!-- wp:heading {\"level\":5} -->\n<h5 class=\"wp-block-heading\">Viviendo el Evangelio a la luz del Carisma J.T. y la espiritualidad de nuestro Fundador, Padre Eladio Mozas Santamera, en su dimensi\u00f3n de alabanza a Dios Trinidad e imitando los valores de la Sagrada Familia de Nazaret: alegr\u00eda, sencillez, acogida, trabajo, oraci\u00f3n, solidaridad.<\/h5>\n<!-- \/wp:heading -->\n\n<!-- wp:paragraph -->\n<p><strong>&nbsp;<\/strong><\/p>\n<!-- \/wp:paragraph -->","_et_gb_content_width":"","footnotes":""},"class_list":["post-546","page","type-page","status-publish","hentry"],"_links":{"self":[{"href":"https:\/\/colegiomariareina.cl\/2025\/wp-json\/wp\/v2\/pages\/546","targetHints":{"allow":["GET"]}}],"collection":[{"href":"https:\/\/colegiomariareina.cl\/2025\/wp-json\/wp\/v2\/pages"}],"about":[{"href":"https:\/\/colegiomariareina.cl\/2025\/wp-json\/wp\/v2\/types\/page"}],"author":[{"embeddable":true,"href":"https:\/\/colegiomariareina.cl\/2025\/wp-json\/wp\/v2\/users\/1"}],"replies":[{"embeddable":true,"href":"https:\/\/colegiomariareina.cl\/2025\/wp-json\/wp\/v2\/comments?post=546"}],"version-history":[{"count":45,"href":"https:\/\/colegiomariareina.cl\/2025\/wp-json\/wp\/v2\/pages\/546\/revisions"}],"predecessor-version":[{"id":18235,"href":"https:\/\/colegiomariareina.cl\/2025\/wp-json\/wp\/v2\/pages\/546\/revisions\/18235"}],"wp:attachment":[{"href":"https:\/\/colegiomariareina.cl\/2025\/wp-json\/wp\/v2\/media?parent=546"}],"curies":[{"name":"wp","href":"https:\/\/api.w.org\/{rel}","templated":true}]}}