{"id":560,"date":"2013-07-22T02:48:58","date_gmt":"2013-07-22T02:48:58","guid":{"rendered":"http:\/\/colegiomariareina.cl\/2013\/?page_id=560"},"modified":"2026-02-23T11:37:59","modified_gmt":"2026-02-23T14:37:59","slug":"oferta-educativa","status":"publish","type":"page","link":"https:\/\/colegiomariareina.cl\/2025\/oferta-educativa\/","title":{"rendered":"Descripci\u00f3n General"},"content":{"rendered":"<p>[et_pb_section fb_built=&#8221;1&#8243; admin_label=&#8221;Join Now Call to Action&#8221; _builder_version=&#8221;4.27.0&#8243; use_background_color_gradient=&#8221;on&#8221; background_color_gradient_direction=&#8221;105deg&#8221; background_color_gradient_stops=&#8221;#00205b 37%|rgba(36, 89, 150, 1) 79%|#448ccb 99%&#8221; background_color_gradient_start=&#8221;#1bb3eb&#8221; background_color_gradient_end=&#8221;#25efcb&#8221; custom_margin=&#8221;||||false|false&#8221; custom_padding=&#8221;40px|0px|40px|0px|false|false&#8221; locked=&#8221;off&#8221; global_colors_info=&#8221;{}&#8221;][et_pb_row _builder_version=&#8221;4.16&#8243; global_colors_info=&#8221;{}&#8221;][et_pb_column type=&#8221;4_4&#8243; _builder_version=&#8221;4.16&#8243; custom_padding=&#8221;|||&#8221; global_colors_info=&#8221;{}&#8221; custom_padding__hover=&#8221;|||&#8221;][et_pb_heading title=&#8221;Ense\u00f1anza Preb\u00e1sica, B\u00e1sica y Media&#8221; _builder_version=&#8221;4.27.0&#8243; _module_preset=&#8221;default&#8221; title_font=&#8221;&#8211;et_global_body_font|600|on|on|||||&#8221; title_text_color=&#8221;#FFFFFF&#8221; title_font_size=&#8221;32px&#8221; global_colors_info=&#8221;{}&#8221;][\/et_pb_heading][et_pb_heading title=&#8221;Un recorrido educativo integral para crecer y aprender.&#8221; _builder_version=&#8221;4.27.0&#8243; _module_preset=&#8221;default&#8221; title_level=&#8221;h4&#8243; title_font=&#8221;&#8211;et_global_body_font|300|on|on|||||&#8221; title_text_color=&#8221;#FFFFFF&#8221; title_font_size=&#8221;24px&#8221; global_colors_info=&#8221;{}&#8221;][\/et_pb_heading][\/et_pb_column][\/et_pb_row][\/et_pb_section][et_pb_section fb_built=&#8221;1&#8243; _builder_version=&#8221;4.27.0&#8243; _module_preset=&#8221;default&#8221; global_colors_info=&#8221;{}&#8221;][et_pb_row column_structure=&#8221;2_5,3_5&#8243; use_custom_gutter=&#8221;on&#8221; gutter_width=&#8221;4&#8243; _builder_version=&#8221;4.27.0&#8243; _module_preset=&#8221;default&#8221; hover_enabled=&#8221;0&#8243; global_colors_info=&#8221;{}&#8221; sticky_enabled=&#8221;0&#8243;][et_pb_column type=&#8221;2_5&#8243; _builder_version=&#8221;4.27.0&#8243; _module_preset=&#8221;default&#8221; hover_enabled=&#8221;0&#8243; global_colors_info=&#8221;{}&#8221; sticky_enabled=&#8221;0&#8243;][et_pb_image src=&#8221;https:\/\/colegiomariareina.cl\/2025\/wp-content\/uploads\/2026\/02\/1.png&#8221; _builder_version=&#8221;4.27.0&#8243; _module_preset=&#8221;default&#8221; title_text=&#8221;1&#8243; hover_enabled=&#8221;0&#8243; sticky_enabled=&#8221;0&#8243;][\/et_pb_image][et_pb_image src=&#8221;https:\/\/colegiomariareina.cl\/2025\/wp-content\/uploads\/2026\/02\/2.png&#8221; _builder_version=&#8221;4.27.0&#8243; _module_preset=&#8221;default&#8221; title_text=&#8221;2&#8243; hover_enabled=&#8221;0&#8243; sticky_enabled=&#8221;0&#8243;][\/et_pb_image][et_pb_image src=&#8221;https:\/\/colegiomariareina.cl\/2025\/wp-content\/uploads\/2026\/02\/3.png&#8221; _builder_version=&#8221;4.27.0&#8243; _module_preset=&#8221;default&#8221; title_text=&#8221;3&#8243; hover_enabled=&#8221;0&#8243; sticky_enabled=&#8221;0&#8243;][\/et_pb_image][\/et_pb_column][et_pb_column type=&#8221;3_5&#8243; _builder_version=&#8221;4.27.0&#8243; _module_preset=&#8221;default&#8221; hover_enabled=&#8221;0&#8243; global_colors_info=&#8221;{}&#8221; sticky_enabled=&#8221;0&#8243;][et_pb_text _builder_version=&#8221;4.27.0&#8243; _module_preset=&#8221;default&#8221; hover_enabled=&#8221;0&#8243; global_colors_info=&#8221;{}&#8221; sticky_enabled=&#8221;0&#8243; custom_padding=&#8221;||0px|||&#8221;]<\/p>\n<p><span><\/span><\/p>\n<h2 data-start=\"209\" data-end=\"236\">Educaci\u00f3n Pre-B\u00e1sica<\/h2>\n<p data-start=\"237\" data-end=\"726\">En los niveles de Prek\u00ednder y K\u00ednder acompa\u00f1amos los primeros pasos del proceso educativo en un ambiente acogedor, seguro y estimulante. Favorecemos el desarrollo integral mediante experiencias de aprendizaje significativas que fortalecen la autonom\u00eda, la socializaci\u00f3n, la creatividad y el descubrimiento del entorno.<br data-start=\"555\" data-end=\"558\" \/>Promovemos h\u00e1bitos, valores y habilidades fundamentales que permiten a los ni\u00f1os y ni\u00f1as iniciar su trayectoria escolar con confianza, alegr\u00eda y sentido de pertenencia.<\/p>\n<p data-start=\"237\" data-end=\"726\">\n<p data-start=\"237\" data-end=\"726\">\n<p data-start=\"237\" data-end=\"726\">\n<p data-start=\"237\" data-end=\"726\">\n<p>&nbsp;<\/p>\n<p>[\/et_pb_text][et_pb_text _builder_version=&#8221;4.27.0&#8243; _module_preset=&#8221;default&#8221; hover_enabled=&#8221;0&#8243; sticky_enabled=&#8221;0&#8243;]<\/p>\n<p>&nbsp;<\/p>\n<p>[\/et_pb_text][et_pb_text _builder_version=&#8221;4.27.0&#8243; _module_preset=&#8221;default&#8221; hover_enabled=&#8221;0&#8243; sticky_enabled=&#8221;0&#8243;]<\/p>\n<h2 data-start=\"733\" data-end=\"757\">Ense\u00f1anza B\u00e1sica<\/h2>\n<p data-start=\"758\" data-end=\"1207\">Desde 1\u00ba a 8\u00ba B\u00e1sico brindamos una formaci\u00f3n s\u00f3lida que integra el desarrollo acad\u00e9mico con la formaci\u00f3n val\u00f3rica y social. Fomentamos el pensamiento reflexivo, la responsabilidad personal y el respeto por los dem\u00e1s, acompa\u00f1ando a los estudiantes en el fortalecimiento de sus habilidades cognitivas, emocionales y sociales.<br data-start=\"1081\" data-end=\"1084\" \/>En esta etapa se consolidan aprendizajes fundamentales, el trabajo colaborativo y el compromiso con la comunidad educativa.<\/p>\n<p>[\/et_pb_text][et_pb_text _builder_version=&#8221;4.27.0&#8243; _module_preset=&#8221;default&#8221; hover_enabled=&#8221;0&#8243; sticky_enabled=&#8221;0&#8243;]<\/p>\n<p>&nbsp;<\/p>\n<p>&nbsp;<\/p>\n<p>[\/et_pb_text][et_pb_text _builder_version=&#8221;4.27.0&#8243; _module_preset=&#8221;default&#8221; hover_enabled=&#8221;0&#8243; sticky_enabled=&#8221;0&#8243;]<\/p>\n<h2 data-start=\"1214\" data-end=\"1237\">Ense\u00f1anza Media<\/h2>\n<p data-start=\"1238\" data-end=\"1659\">En 1\u00ba y 2\u00ba Medio orientamos la formaci\u00f3n hacia el desarrollo del proyecto de vida de cada estudiante, fortaleciendo la autonom\u00eda, el pensamiento cr\u00edtico y la preparaci\u00f3n para los desaf\u00edos acad\u00e9micos y personales futuros.<br data-start=\"1458\" data-end=\"1461\" \/>Promovemos una educaci\u00f3n integral que articula conocimientos, valores y habilidades para la vida, favoreciendo la responsabilidad social, el discernimiento y la participaci\u00f3n activa en la comunidad.<\/p>\n<p>[\/et_pb_text][\/et_pb_column][\/et_pb_row][et_pb_row _builder_version=&#8221;4.27.0&#8243; _module_preset=&#8221;default&#8221;][et_pb_column _builder_version=&#8221;4.27.0&#8243; _module_preset=&#8221;default&#8221; type=&#8221;4_4&#8243;][et_pb_text _builder_version=&#8221;4.27.0&#8243; _module_preset=&#8221;default&#8221; hover_enabled=&#8221;0&#8243; sticky_enabled=&#8221;0&#8243;]<\/p>\n<h2 style=\"text-align: center;\"><span>Nuestra propuesta educativa, desde Pre-B\u00e1sica hasta Ense\u00f1anza Media, busca acompa\u00f1ar el desarrollo integral de los estudiantes en cada etapa, entregando una formaci\u00f3n s\u00f3lida en lo acad\u00e9mico, val\u00f3rica y social. Promovemos el pensamiento cr\u00edtico, la responsabilidad y el respeto, en un ambiente cercano y comprometido con el crecimiento personal y comunitario de cada alumno.<\/span><\/h2>\n<p>[\/et_pb_text][\/et_pb_column][\/et_pb_row][\/et_pb_section][et_pb_section fb_built=&#8221;1&#8243; admin_label=&#8221;section&#8221; _builder_version=&#8221;4.16&#8243; global_colors_info=&#8221;{}&#8221;][\/et_pb_section]<\/p>\n","protected":false},"excerpt":{"rendered":"<p>Educaci\u00f3n Pre-B\u00e1sica En los niveles de Prek\u00ednder y K\u00ednder acompa\u00f1amos los primeros pasos del proceso educativo en un ambiente acogedor, seguro y estimulante. Favorecemos el desarrollo integral mediante experiencias de aprendizaje significativas que fortalecen la autonom\u00eda, la socializaci\u00f3n, la creatividad y el descubrimiento del entorno.Promovemos h\u00e1bitos, valores y habilidades fundamentales que permiten a los ni\u00f1os [&hellip;]<\/p>\n","protected":false},"author":1,"featured_media":0,"parent":0,"menu_order":0,"comment_status":"open","ping_status":"open","template":"","meta":{"_et_pb_use_builder":"on","_et_pb_old_content":"<a href=\"http:\/\/www.colegiomariareina.cl\/web\/wp-content\/uploads\/2019\/02\/13.png\"><img class=\"aligncenter wp-image-12899\" src=\"http:\/\/www.colegiomariareina.cl\/web\/wp-content\/uploads\/2019\/02\/13.png\" alt=\"\" width=\"750\" height=\"361\" \/><\/a>\r\n\r\n<hr \/>\r\n\r\n<h5><\/h5>\r\n<h5>Prekinder (A y B)<\/h5>\r\n<h5>\u00a0Kinder (A y\u00a0B)<\/h5>\r\n\r\n<hr \/>\r\n\r\n<strong><a href=\"http:\/\/www.colegiomariareina.cl\/web\/wp-content\/uploads\/2019\/02\/14.png\"><img class=\"aligncenter wp-image-12900\" src=\"http:\/\/www.colegiomariareina.cl\/web\/wp-content\/uploads\/2019\/02\/14.png\" alt=\"\" width=\"750\" height=\"361\" \/><\/a><\/strong>\r\n\r\n<hr \/>\r\n\r\n<h5><\/h5>\r\n<h5>Desde 1\u00ba a 8\u00ba B\u00e1sico (A y B)<\/h5>\r\n\r\n<hr \/>\r\n\r\n<a href=\"http:\/\/www.colegiomariareina.cl\/web\/wp-content\/uploads\/2019\/02\/15.png\"><img class=\"aligncenter wp-image-12901\" src=\"http:\/\/www.colegiomariareina.cl\/web\/wp-content\/uploads\/2019\/02\/15.png\" alt=\"\" width=\"750\" height=\"361\" \/><\/a>\r\n\r\n<hr \/>\r\n\r\n&nbsp;\r\n<h5>1\u00ba y 2\u00ba Medios (A, B y C)<\/h5>\r\n\r\n<hr \/>\r\n\r\n<a href=\"http:\/\/www.colegiomariareina.cl\/web\/wp-content\/uploads\/2019\/02\/18.png\"><img class=\"aligncenter wp-image-12903\" src=\"http:\/\/www.colegiomariareina.cl\/web\/wp-content\/uploads\/2019\/02\/18.png\" alt=\"\" width=\"750\" height=\"361\" \/><\/a>\r\n\r\n<hr \/>\r\n\r\n&nbsp;\r\n<h5>- Servicios de Turismo (3\u00ba y 4\u00ba Medios)\r\n- Atenci\u00f3n en Enfermer\u00eda (3\u00ba y 4\u00ba Medios)\r\n- Muebles\u00a0 y Procesamiento de la Madera (3\u00ba y 4\u00ba Medios)\r\n- Electr\u00f3nica (3\u00ba y 4\u00ba Medios)<\/h5>\r\n<h5><strong>Talleres:<\/strong><\/h5>\r\n<h5>- Deportivos, Art\u00edsticos y Formativos.<\/h5>\r\n","_et_gb_content_width":"","footnotes":""},"class_list":["post-560","page","type-page","status-publish","hentry"],"_links":{"self":[{"href":"https:\/\/colegiomariareina.cl\/2025\/wp-json\/wp\/v2\/pages\/560","targetHints":{"allow":["GET"]}}],"collection":[{"href":"https:\/\/colegiomariareina.cl\/2025\/wp-json\/wp\/v2\/pages"}],"about":[{"href":"https:\/\/colegiomariareina.cl\/2025\/wp-json\/wp\/v2\/types\/page"}],"author":[{"embeddable":true,"href":"https:\/\/colegiomariareina.cl\/2025\/wp-json\/wp\/v2\/users\/1"}],"replies":[{"embeddable":true,"href":"https:\/\/colegiomariareina.cl\/2025\/wp-json\/wp\/v2\/comments?post=560"}],"version-history":[{"count":17,"href":"https:\/\/colegiomariareina.cl\/2025\/wp-json\/wp\/v2\/pages\/560\/revisions"}],"predecessor-version":[{"id":18555,"href":"https:\/\/colegiomariareina.cl\/2025\/wp-json\/wp\/v2\/pages\/560\/revisions\/18555"}],"wp:attachment":[{"href":"https:\/\/colegiomariareina.cl\/2025\/wp-json\/wp\/v2\/media?parent=560"}],"curies":[{"name":"wp","href":"https:\/\/api.w.org\/{rel}","templated":true}]}}