{"id":688,"date":"2013-10-06T19:28:03","date_gmt":"2013-10-06T19:28:03","guid":{"rendered":"http:\/\/colegiomariareina.cl\/2013\/?page_id=688"},"modified":"2026-02-23T12:04:02","modified_gmt":"2026-02-23T15:04:02","slug":"historia","status":"publish","type":"page","link":"https:\/\/colegiomariareina.cl\/2025\/historia\/","title":{"rendered":"Historia en Chile"},"content":{"rendered":"<p>[et_pb_section fb_built=&#8221;1&#8243; admin_label=&#8221;Join Now Call to Action&#8221; _builder_version=&#8221;4.27.0&#8243; use_background_color_gradient=&#8221;on&#8221; background_color_gradient_direction=&#8221;105deg&#8221; background_color_gradient_stops=&#8221;#00205b 37%|rgba(36, 89, 150, 1) 79%|#448ccb 99%&#8221; background_color_gradient_start=&#8221;#1bb3eb&#8221; background_color_gradient_end=&#8221;#25efcb&#8221; custom_margin=&#8221;||||false|false&#8221; custom_padding=&#8221;40px|0px|40px|0px|false|false&#8221; locked=&#8221;off&#8221; global_colors_info=&#8221;{}&#8221;][et_pb_row _builder_version=&#8221;4.16&#8243; global_colors_info=&#8221;{}&#8221;][et_pb_column type=&#8221;4_4&#8243; _builder_version=&#8221;4.16&#8243; custom_padding=&#8221;|||&#8221; global_colors_info=&#8221;{}&#8221; custom_padding__hover=&#8221;|||&#8221;][et_pb_heading title=&#8221;Historia&#8221; _builder_version=&#8221;4.27.0&#8243; _module_preset=&#8221;default&#8221; title_font=&#8221;&#8211;et_global_body_font|600|on|on|||||&#8221; title_text_color=&#8221;#FFFFFF&#8221; title_font_size=&#8221;32px&#8221; global_colors_info=&#8221;{}&#8221;][\/et_pb_heading][et_pb_heading title=&#8221;%22Gloria a Dios Uno y Trino\u201d&#8221; _builder_version=&#8221;4.27.0&#8243; _module_preset=&#8221;default&#8221; title_level=&#8221;h4&#8243; title_font=&#8221;&#8211;et_global_body_font|300|on|on|||||&#8221; title_text_color=&#8221;#FFFFFF&#8221; title_font_size=&#8221;24px&#8221; global_colors_info=&#8221;{}&#8221;][\/et_pb_heading][\/et_pb_column][\/et_pb_row][\/et_pb_section][et_pb_section fb_built=&#8221;1&#8243; _builder_version=&#8221;4.27.0&#8243; _module_preset=&#8221;default&#8221; hover_enabled=&#8221;0&#8243; global_colors_info=&#8221;{}&#8221; sticky_enabled=&#8221;0&#8243;][et_pb_row column_structure=&#8221;2_5,3_5&#8243; use_custom_gutter=&#8221;on&#8221; gutter_width=&#8221;4&#8243; _builder_version=&#8221;4.27.0&#8243; _module_preset=&#8221;default&#8221; hover_enabled=&#8221;0&#8243; global_colors_info=&#8221;{}&#8221; sticky_enabled=&#8221;0&#8243;][et_pb_column type=&#8221;2_5&#8243; _builder_version=&#8221;4.27.0&#8243; _module_preset=&#8221;default&#8221; hover_enabled=&#8221;0&#8243; global_colors_info=&#8221;{}&#8221; sticky_enabled=&#8221;0&#8243;][et_pb_image src=&#8221;https:\/\/colegiomariareina.cl\/2025\/wp-content\/uploads\/2026\/02\/COLEGIO-2025-10.png&#8221; title_text=&#8221;COLEGIO 2025 (10)&#8221; force_fullwidth=&#8221;on&#8221; _builder_version=&#8221;4.27.0&#8243; _module_preset=&#8221;default&#8221; hover_enabled=&#8221;0&#8243; global_colors_info=&#8221;{}&#8221; sticky_enabled=&#8221;0&#8243;][\/et_pb_image][\/et_pb_column][et_pb_column type=&#8221;3_5&#8243; _builder_version=&#8221;4.27.0&#8243; _module_preset=&#8221;default&#8221; hover_enabled=&#8221;0&#8243; global_colors_info=&#8221;{}&#8221; sticky_enabled=&#8221;0&#8243;][et_pb_text admin_label=&#8221;Text&#8221; _builder_version=&#8221;4.27.0&#8243; background_size=&#8221;initial&#8221; background_position=&#8221;top_left&#8221; background_repeat=&#8221;repeat&#8221; hover_enabled=&#8221;0&#8243; global_colors_info=&#8221;{}&#8221; sticky_enabled=&#8221;0&#8243;]<\/p>\n<p data-start=\"229\" data-end=\"607\">\n<p data-start=\"229\" data-end=\"607\">\n<p data-start=\"229\" data-end=\"607\">\n<p data-start=\"229\" data-end=\"607\">\n<p data-start=\"229\" data-end=\"607\">\n<p data-start=\"229\" data-end=\"607\">\n<p data-start=\"229\" data-end=\"607\">En 1954, bajo el lema <strong data-start=\"251\" data-end=\"282\">\u201cGloria a Dios Uno y Trino\u201d<\/strong>, lleg\u00f3 a Chile la <span class=\"hover:entity-accent entity-underline inline cursor-pointer align-baseline\"><span class=\"whitespace-normal\">Congregaci\u00f3n de las Religiosas Josefinas de la Sant\u00edsima Trinidad<\/span><\/span>, comunidad de origen espa\u00f1ol con una profunda tradici\u00f3n educativa y espiritual. Sus primeros pasos en el pa\u00eds se dieron en colaboraci\u00f3n con los <span class=\"hover:entity-accent entity-underline inline cursor-pointer align-baseline\"><span class=\"whitespace-normal\">Hermanos Maristas<\/span><\/span> en el <span class=\"hover:entity-accent entity-underline inline cursor-pointer align-baseline\"><span class=\"whitespace-normal\">Colegio Alonso de Ercilla<\/span><\/span>, en <span class=\"hover:entity-accent entity-underline inline cursor-pointer align-baseline\"><span class=\"whitespace-normal\">Santiago<\/span><\/span>.<\/p>\n<p data-start=\"609\" data-end=\"834\">Movidas por el deseo de extender su carisma a trav\u00e9s de la educaci\u00f3n, las Hermanas Josefinas iniciaron la fundaci\u00f3n de sus propios establecimientos en Chile, consolidando su presencia formativa en distintas ciudades del pa\u00eds:<\/p>\n<p data-start=\"836\" data-end=\"1066\">\u2022 Santiago \u2014 Colegio Josefino \u201cSant\u00edsima Trinidad\u201d (1960)<br data-start=\"893\" data-end=\"896\" \/>\u2022 <span class=\"hover:entity-accent entity-underline inline cursor-pointer align-baseline\"><span class=\"whitespace-normal\">Isla de Maipo<\/span><\/span> \u2014 Colegio \u201cMar\u00eda Reina Inmaculada\u201d (1964)<br data-start=\"977\" data-end=\"980\" \/>\u2022 <span class=\"hover:entity-accent entity-underline inline cursor-pointer align-baseline\"><span class=\"whitespace-normal\">La Serena<\/span><\/span> \u2014 <span class=\"hover:entity-accent entity-underline inline cursor-pointer align-baseline\"><span class=\"whitespace-normal\">Colegio Teresa Videla de Gonz\u00e1lez<\/span><\/span> (1981)<\/p>\n<p data-start=\"1068\" data-end=\"1359\">Nuestro colegio es dirigido por las Hermanas Josefinas Trinitarias, congregaci\u00f3n fundada en 1886 en <span class=\"hover:entity-accent entity-underline inline cursor-pointer align-baseline\"><span class=\"whitespace-normal\">Plasencia<\/span><\/span> por <span class=\"hover:entity-accent entity-underline inline cursor-pointer align-baseline\"><span class=\"whitespace-normal\">Eladio Mozas Santamera<\/span><\/span>, con la misi\u00f3n de formar personas que glorifiquen a Dios viviendo los valores de la Sagrada Familia de Nazaret.<\/p>\n<p data-start=\"1361\" data-end=\"1563\">Hoy, el carisma josefino contin\u00faa presente en instituciones educacionales, de salud y servicio en Europa y Am\u00e9rica, guiando una formaci\u00f3n integral que une fe, conocimiento y compromiso con la comunidad.<\/p>\n<p>[\/et_pb_text][\/et_pb_column][\/et_pb_row][\/et_pb_section]<\/p>\n","protected":false},"excerpt":{"rendered":"<p>En 1954, bajo el lema \u201cGloria a Dios Uno y Trino\u201d, lleg\u00f3 a Chile la Congregaci\u00f3n de las Religiosas Josefinas de la Sant\u00edsima Trinidad, comunidad de origen espa\u00f1ol con una profunda tradici\u00f3n educativa y espiritual. Sus primeros pasos en el pa\u00eds se dieron en colaboraci\u00f3n con los Hermanos Maristas en el Colegio Alonso de Ercilla, [&hellip;]<\/p>\n","protected":false},"author":1,"featured_media":0,"parent":0,"menu_order":0,"comment_status":"open","ping_status":"open","template":"","meta":{"_et_pb_use_builder":"on","_et_pb_old_content":"<a href=\"http:\/\/www.colegiomariareina.cl\/web\/wp-content\/uploads\/2018\/04\/FAMILIASAG13.jpg\"><img class=\"alignleft size-medium wp-image-9810\" src=\"http:\/\/www.colegiomariareina.cl\/web\/wp-content\/uploads\/2018\/04\/FAMILIASAG13-208x300.jpg\" alt=\"\" width=\"208\" height=\"300\" \/><\/a>\r\n\r\nEn 1954 con el lema \u201cGloria a Dios Uno y Trino\u201d, llega al pa\u00eds la Congregaci\u00f3n de las Religiosas Josefinas de la Sant\u00edsima Trinidad, cuyas tradiciones y bagaje cultural tienen su cuna en Espa\u00f1a. Comenzaron sus primeros pasos en la educaci\u00f3n en Chile colaborando con los Hermanos Maristas en el Colegio Alonso de Ercilla.\r\n\r\nLa necesidad de extender m\u00e1s el carisma a trav\u00e9s de la educaci\u00f3n las llev\u00f3 a crear sus propios colegios en Chile.\r\n\r\nSantiago: Colegio Josefino \u201cSant\u00edsima Trinidad\u201d, fundado en 1960.\r\n\r\nIsla de Maipo: Colegio \u201cMar\u00eda Reina Inmaculada\u201d, fundado en 1964.\r\n\r\nLa Serena: Colegio \u201cTeresa Videla de Gonz\u00e1lez, fundado en 1981.\r\n\r\nEl Colegio Josefino \u201cMar\u00eda Reina Inmaculada de Isla de Maipo\u201d es dirigido por las Hermanas Josefinas Trinitarias, Comunidad Religiosa fundada en 1886 en Plasencia (Espa\u00f1a), por el Padre Eladio Mozas Santamera (1837-1897), con la finalidad de que el hombre pueda glorificar a Dios Uno y Trino, viviendo las virtudes de la Familia de Nazareth.\r\n\r\nEn la actualidad las Hermanas Josefinas de la Sant\u00edsima Trinidad viven el Carisma en todas las instituciones que dirigen: Educacionales, de Salud y de Servicio, tanto en Europa como en Am\u00e9rica.","_et_gb_content_width":"","footnotes":""},"class_list":["post-688","page","type-page","status-publish","hentry"],"_links":{"self":[{"href":"https:\/\/colegiomariareina.cl\/2025\/wp-json\/wp\/v2\/pages\/688","targetHints":{"allow":["GET"]}}],"collection":[{"href":"https:\/\/colegiomariareina.cl\/2025\/wp-json\/wp\/v2\/pages"}],"about":[{"href":"https:\/\/colegiomariareina.cl\/2025\/wp-json\/wp\/v2\/types\/page"}],"author":[{"embeddable":true,"href":"https:\/\/colegiomariareina.cl\/2025\/wp-json\/wp\/v2\/users\/1"}],"replies":[{"embeddable":true,"href":"https:\/\/colegiomariareina.cl\/2025\/wp-json\/wp\/v2\/comments?post=688"}],"version-history":[{"count":9,"href":"https:\/\/colegiomariareina.cl\/2025\/wp-json\/wp\/v2\/pages\/688\/revisions"}],"predecessor-version":[{"id":18559,"href":"https:\/\/colegiomariareina.cl\/2025\/wp-json\/wp\/v2\/pages\/688\/revisions\/18559"}],"wp:attachment":[{"href":"https:\/\/colegiomariareina.cl\/2025\/wp-json\/wp\/v2\/media?parent=688"}],"curies":[{"name":"wp","href":"https:\/\/api.w.org\/{rel}","templated":true}]}}