{"id":9721,"date":"2018-03-06T18:52:21","date_gmt":"2018-03-06T18:52:21","guid":{"rendered":"http:\/\/www.colegiomariareina.cl\/web\/?page_id=9721"},"modified":"2025-09-29T20:42:56","modified_gmt":"2025-09-29T23:42:56","slug":"infraestructura","status":"publish","type":"page","link":"https:\/\/colegiomariareina.cl\/2025\/infraestructura\/","title":{"rendered":"Infraestructura"},"content":{"rendered":"<p>[et_pb_section fb_built=&#8221;1&#8243; admin_label=&#8221;Join Now Call to Action&#8221; _builder_version=&#8221;4.27.0&#8243; use_background_color_gradient=&#8221;on&#8221; background_color_gradient_direction=&#8221;105deg&#8221; background_color_gradient_stops=&#8221;#00205b 37%|rgba(36, 89, 150, 1) 79%|#448ccb 99%&#8221; background_color_gradient_start=&#8221;#1bb3eb&#8221; background_color_gradient_end=&#8221;#25efcb&#8221; custom_margin=&#8221;||||false|false&#8221; custom_padding=&#8221;40px|0px|40px|0px|false|false&#8221; locked=&#8221;off&#8221; global_colors_info=&#8221;{}&#8221;][et_pb_row _builder_version=&#8221;4.16&#8243; global_colors_info=&#8221;{}&#8221;][et_pb_column type=&#8221;4_4&#8243; _builder_version=&#8221;4.16&#8243; custom_padding=&#8221;|||&#8221; global_colors_info=&#8221;{}&#8221; custom_padding__hover=&#8221;|||&#8221;][et_pb_heading title=&#8221;Infraestructura&#8221; _builder_version=&#8221;4.27.0&#8243; _module_preset=&#8221;default&#8221; title_font=&#8221;&#8211;et_global_body_font|600|on|on|||||&#8221; title_text_color=&#8221;#FFFFFF&#8221; title_font_size=&#8221;32px&#8221; global_colors_info=&#8221;{}&#8221;][\/et_pb_heading][et_pb_heading title=&#8221;Instalaciones que apoyan el desarrollo integral de nuestros estudiantes&#8221; _builder_version=&#8221;4.27.0&#8243; _module_preset=&#8221;default&#8221; title_level=&#8221;h4&#8243; title_font=&#8221;&#8211;et_global_body_font|300|on|on|||||&#8221; title_text_color=&#8221;#FFFFFF&#8221; title_font_size=&#8221;24px&#8221; global_colors_info=&#8221;{}&#8221;][\/et_pb_heading][\/et_pb_column][\/et_pb_row][\/et_pb_section][et_pb_section fb_built=&#8221;1&#8243; admin_label=&#8221;section&#8221; _builder_version=&#8221;4.16&#8243; global_colors_info=&#8221;{}&#8221;][et_pb_row column_structure=&#8221;1_2,1_2&#8243; admin_label=&#8221;row&#8221; _builder_version=&#8221;4.27.0&#8243; background_size=&#8221;initial&#8221; background_position=&#8221;top_left&#8221; background_repeat=&#8221;repeat&#8221; custom_padding=&#8221;||0px||false|false&#8221; global_colors_info=&#8221;{}&#8221;][et_pb_column type=&#8221;1_2&#8243; _builder_version=&#8221;4.16&#8243; custom_padding=&#8221;|||&#8221; global_colors_info=&#8221;{}&#8221; custom_padding__hover=&#8221;|||&#8221;][et_pb_text _builder_version=&#8221;4.27.0&#8243; _module_preset=&#8221;default&#8221; custom_padding=&#8221;|60px||10px|false|false&#8221; hover_enabled=&#8221;0&#8243; global_colors_info=&#8221;{}&#8221; sticky_enabled=&#8221;0&#8243;]<\/p>\n<p><span><\/span><\/p>\n<p data-start=\"201\" data-end=\"1165\">La infraestructura de nuestro colegio ha sido dise\u00f1ada para ofrecer un entorno educativo seguro, moderno y acogedor, que potencie el desarrollo integral de nuestros estudiantes. Contamos con espacios amplios, funcionales y bien equipados, que responden a las necesidades de cada nivel formativo, desde la educaci\u00f3n preb\u00e1sica hasta la t\u00e9cnico-profesional. Nuestras salas de clases est\u00e1n acondicionadas para facilitar metodolog\u00edas activas y participativas, mientras que los talleres t\u00e9cnicos, laboratorios, bibliotecas y salas de computaci\u00f3n permiten una formaci\u00f3n especializada y de calidad. Adem\u00e1s, disponemos de \u00e1reas recreativas, espacios verdes, multicanchas y un gimnasio que fomentan la vida saludable y la convivencia escolar.\u00a0<\/p>\n<p>[\/et_pb_text][\/et_pb_column][et_pb_column type=&#8221;1_2&#8243; _builder_version=&#8221;4.16&#8243; custom_padding=&#8221;|||&#8221; global_colors_info=&#8221;{}&#8221; custom_padding__hover=&#8221;|||&#8221;][et_pb_image src=&#8221;http:\/\/45.236.165.191\/~colegio1\/2025\/wp-content\/uploads\/2018\/03\/01-e1753211167503.jpg&#8221; title_text=&#8221;01&#8243; align=&#8221;center&#8221; force_fullwidth=&#8221;on&#8221; _builder_version=&#8221;4.27.0&#8243; _module_preset=&#8221;default&#8221; global_colors_info=&#8221;{}&#8221;][\/et_pb_image][\/et_pb_column][\/et_pb_row][et_pb_row admin_label=&#8221;row&#8221; _builder_version=&#8221;4.27.0&#8243; background_size=&#8221;initial&#8221; background_position=&#8221;top_left&#8221; background_repeat=&#8221;repeat&#8221; custom_padding=&#8221;0px||||false|false&#8221; global_colors_info=&#8221;{}&#8221;][et_pb_column type=&#8221;4_4&#8243; _builder_version=&#8221;4.16&#8243; custom_padding=&#8221;|||&#8221; global_colors_info=&#8221;{}&#8221; custom_padding__hover=&#8221;|||&#8221;][et_pb_gallery gallery_ids=&#8221;9734,9735,9736,9737,9738,9730,9729,9727,9728,9726,9724,9723,9722,9732,9731,9733&#8243; posts_number=&#8221;50&#8243; show_title_and_caption=&#8221;off&#8221; show_pagination=&#8221;off&#8221; _builder_version=&#8221;4.27.0&#8243; _module_preset=&#8221;default&#8221; custom_padding=&#8221;||||false|false&#8221; border_width_all_image=&#8221;10px&#8221; border_color_all_image=&#8221;RGBA(255,255,255,0)&#8221; global_colors_info=&#8221;{}&#8221;][\/et_pb_gallery][\/et_pb_column][\/et_pb_row][\/et_pb_section]<\/p>\n","protected":false},"excerpt":{"rendered":"<p>La infraestructura de nuestro colegio ha sido dise\u00f1ada para ofrecer un entorno educativo seguro, moderno y acogedor, que potencie el desarrollo integral de nuestros estudiantes. Contamos con espacios amplios, funcionales y bien equipados, que responden a las necesidades de cada nivel formativo, desde la educaci\u00f3n preb\u00e1sica hasta la t\u00e9cnico-profesional. Nuestras salas de clases est\u00e1n acondicionadas [&hellip;]<\/p>\n","protected":false},"author":1,"featured_media":0,"parent":0,"menu_order":0,"comment_status":"closed","ping_status":"closed","template":"","meta":{"_et_pb_use_builder":"on","_et_pb_old_content":"\r\n\r\n[gallery columns=\"4\" link=\"file\" ids=\"9738,9737,9735,9736,9734,9733,9732,9731,9730,9729,9728,9727,9726,9725,9724,9723,9722\" orderby=\"rand\"]\r\n\r\n","_et_gb_content_width":"","footnotes":""},"class_list":["post-9721","page","type-page","status-publish","hentry"],"_links":{"self":[{"href":"https:\/\/colegiomariareina.cl\/2025\/wp-json\/wp\/v2\/pages\/9721","targetHints":{"allow":["GET"]}}],"collection":[{"href":"https:\/\/colegiomariareina.cl\/2025\/wp-json\/wp\/v2\/pages"}],"about":[{"href":"https:\/\/colegiomariareina.cl\/2025\/wp-json\/wp\/v2\/types\/page"}],"author":[{"embeddable":true,"href":"https:\/\/colegiomariareina.cl\/2025\/wp-json\/wp\/v2\/users\/1"}],"replies":[{"embeddable":true,"href":"https:\/\/colegiomariareina.cl\/2025\/wp-json\/wp\/v2\/comments?post=9721"}],"version-history":[{"count":12,"href":"https:\/\/colegiomariareina.cl\/2025\/wp-json\/wp\/v2\/pages\/9721\/revisions"}],"predecessor-version":[{"id":18413,"href":"https:\/\/colegiomariareina.cl\/2025\/wp-json\/wp\/v2\/pages\/9721\/revisions\/18413"}],"wp:attachment":[{"href":"https:\/\/colegiomariareina.cl\/2025\/wp-json\/wp\/v2\/media?parent=9721"}],"curies":[{"name":"wp","href":"https:\/\/api.w.org\/{rel}","templated":true}]}}